{"id":5008,"date":"2024-12-18T16:56:38","date_gmt":"2024-12-18T15:56:38","guid":{"rendered":"https:\/\/alphafour.dz\/picoplastique.dz\/?page_id=5008"},"modified":"2025-01-28T15:48:22","modified_gmt":"2025-01-28T14:48:22","slug":"domaines-dinterventions","status":"publish","type":"page","link":"https:\/\/alphafour.dz\/picoplastique.dz\/domaines-dinterventions\/","title":{"rendered":"Domaines d&rsquo;Interventions"},"content":{"rendered":"\t\t<div data-elementor-type=\"wp-page\" data-elementor-id=\"5008\" class=\"elementor elementor-5008\">\n\t\t\t\t<div class=\"elementor-element elementor-element-8a7e04c e-flex e-con-boxed e-con e-parent\" data-id=\"8a7e04c\" data-element_type=\"container\">\n\t\t\t\t\t<div class=\"e-con-inner\">\n\t\t\t\t<div class=\"elementor-element elementor-element-0330d9d elementor-widget elementor-widget-tx_service_lists elh-el tx_service_lists\" data-id=\"0330d9d\" data-element_type=\"widget\" data-settings=\"{&quot;design_style&quot;:&quot;style_4&quot;}\" data-widget_type=\"tx_service_lists.default\">\n\t\t\t\t<div class=\"elementor-widget-container\">\n\t\t\t<!-- project start  -->\r\n<div class=\"fti-project-1-area fti-class-add\">\r\n\r\n    <div class=\"fti-project-1-shape-wrap\">\r\n        \r\n            <\/div>\r\n\r\n    <!-- title  -->\r\n    <div class=\"container\">\r\n        <div class=\"fti-project-1-title-wrap\">\r\n                                <\/div>\r\n    <\/div>\r\n\r\n    <!-- bg  -->\r\n    \r\n    <!-- slider -->\r\n    <div class=\"fti-project-1-slider bg-default\" data-background=\"\">\r\n        <div class=\"swiper-container fix fti_project_1_active\">\r\n            <div class=\"swiper-wrapper\">\r\n\r\n                <!-- single item -->\r\n                                <div class=\"swiper-slide\">\r\n                    <div class=\"fti-project-1-item\">\r\n                                                <div class=\"project-img-wrap\">\r\n                            <img decoding=\"async\" src=\"https:\/\/alphafour.dz\/picoplastique.dz\/wp-content\/uploads\/2025\/01\/AUTOMOBILE.jpg\"\r\n                            alt=\"AUTOMOBILE\">\r\n                        <\/div>\r\n                        \r\n                        <div class=\"project-title-wrap\">\r\n                            \r\n                                                        <h4 class=\"fti-heading-1 project-title\">Automobile<\/h4>\r\n                            \r\n                                                        <p class=\"fti-para-1 disc\">Nous fournissons des solutions plastiques innovantes pour l\u2019industrie automobile, adapt\u00e9es aux pi\u00e8ces int\u00e9rieures, ext\u00e9rieures et techniques. Nos mat\u00e9riaux garantissent robustesse, l\u00e9g\u00e8ret\u00e9 et performance pour r\u00e9pondre aux exigences du secteur.<\/p>\r\n                                                    <\/div>\r\n                    <\/div>\r\n                <\/div>\r\n                                <div class=\"swiper-slide\">\r\n                    <div class=\"fti-project-1-item\">\r\n                                                <div class=\"project-img-wrap\">\r\n                            <img decoding=\"async\" src=\"https:\/\/alphafour.dz\/picoplastique.dz\/wp-content\/uploads\/2025\/01\/Capture-decran-2025-01-28-a-3.28.43-PM.png\"\r\n                            alt=\"Capture d\u2019e\u0301cran 2025-01-28 a\u0300 3.28.43 PM\">\r\n                        <\/div>\r\n                        \r\n                        <div class=\"project-title-wrap\">\r\n                            \r\n                                                        <h4 class=\"fti-heading-1 project-title\">Electromanager<\/h4>\r\n                            \r\n                                                        <p class=\"fti-para-1 disc\">Nos produits sont con\u00e7us pour r\u00e9pondre aux besoins des \u00e9quipements de cuisine et des articles m\u00e9nagers, alliant praticit\u00e9, durabilit\u00e9 et design moderne.<\/p>\r\n                                                    <\/div>\r\n                    <\/div>\r\n                <\/div>\r\n                                <div class=\"swiper-slide\">\r\n                    <div class=\"fti-project-1-item\">\r\n                                                <div class=\"project-img-wrap\">\r\n                            <img decoding=\"async\" src=\"https:\/\/alphafour.dz\/picoplastique.dz\/wp-content\/uploads\/2025\/01\/Capture-decran-2025-01-28-a-3.27.17-PM.png\"\r\n                            alt=\"Capture d\u2019e\u0301cran 2025-01-28 a\u0300 3.27.17 PM\">\r\n                        <\/div>\r\n                        \r\n                        <div class=\"project-title-wrap\">\r\n                            \r\n                                                        <h4 class=\"fti-heading-1 project-title\">Toys<\/h4>\r\n                            \r\n                                                    <\/div>\r\n                    <\/div>\r\n                <\/div>\r\n                \r\n            <\/div>\r\n\r\n                    <\/div>\r\n    <\/div>\r\n\r\n<\/div>\r\n<!-- project end -->\t\t<\/div>\n\t\t\t\t<\/div>\n\t\t\t\t<div class=\"elementor-element elementor-element-7305108 elementor-widget elementor-widget-tx_service_lists elh-el tx_service_lists\" data-id=\"7305108\" data-element_type=\"widget\" data-settings=\"{&quot;design_style&quot;:&quot;style_4&quot;}\" data-widget_type=\"tx_service_lists.default\">\n\t\t\t\t<div class=\"elementor-widget-container\">\n\t\t\t<!-- project start  -->\r\n<div class=\"fti-project-1-area fti-class-add\">\r\n\r\n    <div class=\"fti-project-1-shape-wrap\">\r\n        \r\n            <\/div>\r\n\r\n    <!-- title  -->\r\n    <div class=\"container\">\r\n        <div class=\"fti-project-1-title-wrap\">\r\n                                <\/div>\r\n    <\/div>\r\n\r\n    <!-- bg  -->\r\n    \r\n    <!-- slider -->\r\n    <div class=\"fti-project-1-slider bg-default\" data-background=\"\">\r\n        <div class=\"swiper-container fix fti_project_1_active\">\r\n            <div class=\"swiper-wrapper\">\r\n\r\n                <!-- single item -->\r\n                                <div class=\"swiper-slide\">\r\n                    <div class=\"fti-project-1-item\">\r\n                                                <div class=\"project-img-wrap\">\r\n                            <img decoding=\"async\" src=\"https:\/\/alphafour.dz\/picoplastique.dz\/wp-content\/uploads\/2024\/12\/96eb49b2-3abc-480c-9ee3-6034baf238c3.jpg\"\r\n                            alt=\"96eb49b2-3abc-480c-9ee3-6034baf238c3\">\r\n                        <\/div>\r\n                        \r\n                        <div class=\"project-title-wrap\">\r\n                            \r\n                                                        <h4 class=\"fti-heading-1 project-title\">\u00c9quipements sportifs<\/h4>\r\n                            \r\n                                                        <p class=\"fti-para-1 disc\">Picoplastique contribue au secteur sportif en proposant des mat\u00e9riaux l\u00e9gers et durables pour la fabrication d\u2019\u00e9quipements fiables et performants.<\/p>\r\n                                                    <\/div>\r\n                    <\/div>\r\n                <\/div>\r\n                                <div class=\"swiper-slide\">\r\n                    <div class=\"fti-project-1-item\">\r\n                                                <div class=\"project-img-wrap\">\r\n                            <img decoding=\"async\" src=\"https:\/\/alphafour.dz\/picoplastique.dz\/wp-content\/uploads\/2025\/01\/pico.jpg\"\r\n                            alt=\"pico\">\r\n                        <\/div>\r\n                        \r\n                        <div class=\"project-title-wrap\">\r\n                            \r\n                                                        <h4 class=\"fti-heading-1 project-title\">Produits m\u00e9dicaux<\/h4>\r\n                            \r\n                                                        <p class=\"fti-para-1 disc\">Nous d\u00e9veloppons des solutions plastiques s\u00fbres et certifi\u00e9es pour r\u00e9pondre aux normes strictes des \u00e9quipements m\u00e9dicaux et des produits de pu\u00e9riculture, garantissant s\u00e9curit\u00e9 et confort.<\/p>\r\n                                                    <\/div>\r\n                    <\/div>\r\n                <\/div>\r\n                                <div class=\"swiper-slide\">\r\n                    <div class=\"fti-project-1-item\">\r\n                                                <div class=\"project-img-wrap\">\r\n                            <img decoding=\"async\" src=\"https:\/\/alphafour.dz\/picoplastique.dz\/wp-content\/uploads\/2025\/01\/61lw35nyRpL._SL1500_.jpg\"\r\n                            alt=\"61lw35nyRpL._SL1500_\">\r\n                        <\/div>\r\n                        \r\n                        <div class=\"project-title-wrap\">\r\n                            \r\n                                                        <h4 class=\"fti-heading-1 project-title\">Joints<\/h4>\r\n                            \r\n                                                    <\/div>\r\n                    <\/div>\r\n                <\/div>\r\n                \r\n            <\/div>\r\n\r\n                    <\/div>\r\n    <\/div>\r\n\r\n<\/div>\r\n<!-- project end -->\t\t<\/div>\n\t\t\t\t<\/div>\n\t\t\t\t<div class=\"elementor-element elementor-element-7cf8190 elementor-widget elementor-widget-tx_service_lists elh-el tx_service_lists\" data-id=\"7cf8190\" data-element_type=\"widget\" data-settings=\"{&quot;design_style&quot;:&quot;style_4&quot;}\" data-widget_type=\"tx_service_lists.default\">\n\t\t\t\t<div class=\"elementor-widget-container\">\n\t\t\t<!-- project start  -->\r\n<div class=\"fti-project-1-area fti-class-add\">\r\n\r\n    <div class=\"fti-project-1-shape-wrap\">\r\n        \r\n            <\/div>\r\n\r\n    <!-- title  -->\r\n    <div class=\"container\">\r\n        <div class=\"fti-project-1-title-wrap\">\r\n                                <\/div>\r\n    <\/div>\r\n\r\n    <!-- bg  -->\r\n    \r\n    <!-- slider -->\r\n    <div class=\"fti-project-1-slider bg-default\" data-background=\"\">\r\n        <div class=\"swiper-container fix fti_project_1_active\">\r\n            <div class=\"swiper-wrapper\">\r\n\r\n                <!-- single item -->\r\n                                <div class=\"swiper-slide\">\r\n                    <div class=\"fti-project-1-item\">\r\n                                                <div class=\"project-img-wrap\">\r\n                            <img decoding=\"async\" src=\"https:\/\/alphafour.dz\/picoplastique.dz\/wp-content\/uploads\/2024\/12\/4f29e98e-8278-48af-a0fc-8085f4170b2a.jpg\"\r\n                            alt=\"4f29e98e-8278-48af-a0fc-8085f4170b2a\">\r\n                        <\/div>\r\n                        \r\n                        <div class=\"project-title-wrap\">\r\n                            \r\n                                                        <h4 class=\"fti-heading-1 project-title\">B\u00e2timents<\/h4>\r\n                            \r\n                                                        <p class=\"fti-para-1 disc\">PICO PLASTIC fournit des solutions plastiques durables et performantes pour r\u00e9pondre aux besoins de l\u2019industrie du b\u00e2timent moderne.<\/p>\r\n                                                    <\/div>\r\n                    <\/div>\r\n                <\/div>\r\n                                <div class=\"swiper-slide\">\r\n                    <div class=\"fti-project-1-item\">\r\n                                                <div class=\"project-img-wrap\">\r\n                            <img decoding=\"async\" src=\"https:\/\/alphafour.dz\/picoplastique.dz\/wp-content\/uploads\/2024\/12\/ef33ea4d-d6a0-4daf-b717-d822d7e3bd8d.jpg\"\r\n                            alt=\"ef33ea4d-d6a0-4daf-b717-d822d7e3bd8d\">\r\n                        <\/div>\r\n                        \r\n                        <div class=\"project-title-wrap\">\r\n                            \r\n                                                        <h4 class=\"fti-heading-1 project-title\">Toilette<\/h4>\r\n                            \r\n                                                        <p class=\"fti-para-1 disc\">PICO PLASTIC propose des mat\u00e9riaux plastiques fiables et hygi\u00e9niques, parfaitement adapt\u00e9s aux applications sanitaires et aux \u00e9quipements de toilette.<\/p>\r\n                                                    <\/div>\r\n                    <\/div>\r\n                <\/div>\r\n                                <div class=\"swiper-slide\">\r\n                    <div class=\"fti-project-1-item\">\r\n                                                <div class=\"project-img-wrap\">\r\n                            <img decoding=\"async\" src=\"https:\/\/alphafour.dz\/picoplastique.dz\/wp-content\/uploads\/2025\/01\/Capture-decran-2025-01-28-a-3.46.39-PM.png\"\r\n                            alt=\"Capture d\u2019e\u0301cran 2025-01-28 a\u0300 3.46.39 PM\">\r\n                        <\/div>\r\n                        \r\n                        <div class=\"project-title-wrap\">\r\n                            \r\n                                                        <h4 class=\"fti-heading-1 project-title\">Cable electrique<\/h4>\r\n                            \r\n                                                    <\/div>\r\n                    <\/div>\r\n                <\/div>\r\n                \r\n            <\/div>\r\n\r\n                    <\/div>\r\n    <\/div>\r\n\r\n<\/div>\r\n<!-- project end -->\t\t<\/div>\n\t\t\t\t<\/div>\n\t\t\t\t<div class=\"elementor-element elementor-element-e53486a elementor-widget elementor-widget-tx_service_lists elh-el tx_service_lists\" data-id=\"e53486a\" data-element_type=\"widget\" data-settings=\"{&quot;design_style&quot;:&quot;style_4&quot;}\" data-widget_type=\"tx_service_lists.default\">\n\t\t\t\t<div class=\"elementor-widget-container\">\n\t\t\t<!-- project start  -->\r\n<div class=\"fti-project-1-area fti-class-add\">\r\n\r\n    <div class=\"fti-project-1-shape-wrap\">\r\n        \r\n            <\/div>\r\n\r\n    <!-- title  -->\r\n    <div class=\"container\">\r\n        <div class=\"fti-project-1-title-wrap\">\r\n                                <\/div>\r\n    <\/div>\r\n\r\n    <!-- bg  -->\r\n    \r\n    <!-- slider -->\r\n    <div class=\"fti-project-1-slider bg-default\" data-background=\"\">\r\n        <div class=\"swiper-container fix fti_project_1_active\">\r\n            <div class=\"swiper-wrapper\">\r\n\r\n                <!-- single item -->\r\n                                <div class=\"swiper-slide\">\r\n                    <div class=\"fti-project-1-item\">\r\n                                                <div class=\"project-img-wrap\">\r\n                            <img decoding=\"async\" src=\"https:\/\/alphafour.dz\/picoplastique.dz\/wp-content\/uploads\/2024\/12\/bb6dec4e-2a39-4a08-92ac-c77f792262e5.jpg\"\r\n                            alt=\"bb6dec4e-2a39-4a08-92ac-c77f792262e5\">\r\n                        <\/div>\r\n                        \r\n                        <div class=\"project-title-wrap\">\r\n                            \r\n                                                        <h4 class=\"fti-heading-1 project-title\">Valises \/ Bagages<\/h4>\r\n                            \r\n                                                        <p class=\"fti-para-1 disc\">PICO PLASTIC fournit des mat\u00e9riaux l\u00e9gers et r\u00e9sistants, id\u00e9aux pour la fabrication de valises et bagages durables.<\/p>\r\n                                                    <\/div>\r\n                    <\/div>\r\n                <\/div>\r\n                                <div class=\"swiper-slide\">\r\n                    <div class=\"fti-project-1-item\">\r\n                                                <div class=\"project-img-wrap\">\r\n                            <img decoding=\"async\" src=\"https:\/\/alphafour.dz\/picoplastique.dz\/wp-content\/uploads\/2024\/12\/4b034dbb-d344-46ce-8e4d-96109ccec4b7-e1735143208307.jpg\"\r\n                            alt=\"4b034dbb-d344-46ce-8e4d-96109ccec4b7\">\r\n                        <\/div>\r\n                        \r\n                        <div class=\"project-title-wrap\">\r\n                            \r\n                                                        <h4 class=\"fti-heading-1 project-title\">Outillages<\/h4>\r\n                            \r\n                                                        <p class=\"fti-para-1 disc\">PICO PLASTIC propose des mat\u00e9riaux robustes et adapt\u00e9s pour la fabrication d\u2019outillages fiables et performants.<\/p>\r\n                                                    <\/div>\r\n                    <\/div>\r\n                <\/div>\r\n                \r\n            <\/div>\r\n\r\n                    <\/div>\r\n    <\/div>\r\n\r\n<\/div>\r\n<!-- project end -->\t\t<\/div>\n\t\t\t\t<\/div>\n\t\t\t\t\t<\/div>\n\t\t\t\t<\/div>\n\t\t\t\t<\/div>\n\t\t","protected":false},"excerpt":{"rendered":"<p>Automobile Nous fournissons des solutions plastiques innovantes pour l\u2019industrie automobile, adapt\u00e9es aux pi\u00e8ces int\u00e9rieures, ext\u00e9rieures et techniques. Nos mat\u00e9riaux garantissent robustesse, l\u00e9g\u00e8ret\u00e9 et performance pour r\u00e9pondre aux exigences du secteur. Electromanager Nos produits sont con\u00e7us pour r\u00e9pondre aux besoins des \u00e9quipements de cuisine et des articles m\u00e9nagers, alliant praticit\u00e9, durabilit\u00e9 et design moderne. Toys \u00c9quipements [&hellip;]<\/p>\n","protected":false},"author":1,"featured_media":0,"parent":0,"menu_order":0,"comment_status":"closed","ping_status":"closed","template":"","meta":{"inline_featured_image":false,"footnotes":""},"class_list":["post-5008","page","type-page","status-publish","hentry"],"aioseo_notices":[],"_links":{"self":[{"href":"https:\/\/alphafour.dz\/picoplastique.dz\/wp-json\/wp\/v2\/pages\/5008","targetHints":{"allow":["GET"]}}],"collection":[{"href":"https:\/\/alphafour.dz\/picoplastique.dz\/wp-json\/wp\/v2\/pages"}],"about":[{"href":"https:\/\/alphafour.dz\/picoplastique.dz\/wp-json\/wp\/v2\/types\/page"}],"author":[{"embeddable":true,"href":"https:\/\/alphafour.dz\/picoplastique.dz\/wp-json\/wp\/v2\/users\/1"}],"replies":[{"embeddable":true,"href":"https:\/\/alphafour.dz\/picoplastique.dz\/wp-json\/wp\/v2\/comments?post=5008"}],"version-history":[{"count":32,"href":"https:\/\/alphafour.dz\/picoplastique.dz\/wp-json\/wp\/v2\/pages\/5008\/revisions"}],"predecessor-version":[{"id":5334,"href":"https:\/\/alphafour.dz\/picoplastique.dz\/wp-json\/wp\/v2\/pages\/5008\/revisions\/5334"}],"wp:attachment":[{"href":"https:\/\/alphafour.dz\/picoplastique.dz\/wp-json\/wp\/v2\/media?parent=5008"}],"curies":[{"name":"wp","href":"https:\/\/api.w.org\/{rel}","templated":true}]}}