{"id":5049,"date":"2024-12-18T18:35:47","date_gmt":"2024-12-18T17:35:47","guid":{"rendered":"https:\/\/alphafour.dz\/picoplastique.dz\/?page_id=5049"},"modified":"2024-12-18T19:08:15","modified_gmt":"2024-12-18T18:08:15","slug":"nos-produits","status":"publish","type":"page","link":"https:\/\/alphafour.dz\/picoplastique.dz\/nos-produits\/","title":{"rendered":"Nos Produits"},"content":{"rendered":"\t\t<div data-elementor-type=\"wp-page\" data-elementor-id=\"5049\" class=\"elementor elementor-5049\">\n\t\t\t\t<div class=\"elementor-element elementor-element-67c0c13 e-flex e-con-boxed e-con e-parent\" data-id=\"67c0c13\" data-element_type=\"container\">\n\t\t\t\t\t<div class=\"e-con-inner\">\n\t\t<div class=\"elementor-element elementor-element-6345b28 e-con-full e-flex e-con e-child\" data-id=\"6345b28\" data-element_type=\"container\">\n\t\t\t\t<div class=\"elementor-element elementor-element-5696982 elementor-widget elementor-widget-tx_info_box elh-el tx_info_box\" data-id=\"5696982\" data-element_type=\"widget\" data-settings=\"{&quot;design_style&quot;:&quot;style_4&quot;}\" data-widget_type=\"tx_info_box.default\">\n\t\t\t\t<div class=\"elementor-widget-container\">\n\t\t\t<div class=\"fti-feature-5-item wow fadeIn\"\r\ndata-wow-delay=\"200\"\r\ndata-wow-duration=\"1000\">\r\n        <div class=\"main-img img-cover\">\r\n        <img decoding=\"async\" src=\"https:\/\/alphafour.dz\/picoplastique.dz\/wp-content\/uploads\/2024\/12\/Compose-de-PE.jpg\"\r\n        alt=\"Compos\u00e9 de PE\" \/>\r\n    <\/div>\r\n            <div class=\"title-wrap\">\r\n        <h5 class=\"fti-heading-3 title\">\r\n            <a\r\n                href=\"https:\/\/alphafour.dz\/picoplastique.dz\/product\/compose-de-pe-polyethylene\/\"\r\n                target=\"_self\"\r\n                rel= \"\"\r\n                aria-label=\"Compos\u00e9 de PE (Poly\u00e9thyl\u00e8ne)\">\r\n                Compos\u00e9 de PE (Poly\u00e9thyl\u00e8ne)            <\/a>\r\n        <\/h5>\r\n    <\/div>\r\n    <\/div>\t\t<\/div>\n\t\t\t\t<\/div>\n\t\t\t\t<\/div>\n\t\t<div class=\"elementor-element elementor-element-eb81264 e-con-full e-flex e-con e-child\" data-id=\"eb81264\" data-element_type=\"container\">\n\t\t\t\t<div class=\"elementor-element elementor-element-8aa4289 elementor-widget elementor-widget-tx_info_box elh-el tx_info_box\" data-id=\"8aa4289\" data-element_type=\"widget\" data-settings=\"{&quot;design_style&quot;:&quot;style_4&quot;}\" data-widget_type=\"tx_info_box.default\">\n\t\t\t\t<div class=\"elementor-widget-container\">\n\t\t\t<div class=\"fti-feature-5-item wow fadeIn\"\r\ndata-wow-delay=\"200\"\r\ndata-wow-duration=\"1000\">\r\n        <div class=\"main-img img-cover\">\r\n        <img decoding=\"async\" src=\"https:\/\/alphafour.dz\/picoplastique.dz\/wp-content\/uploads\/2024\/12\/Compose-styrenique.jpg\"\r\n        alt=\"Compos\u00e9 styr\u00e9nique\" \/>\r\n    <\/div>\r\n            <div class=\"title-wrap\">\r\n        <h5 class=\"fti-heading-3 title\">\r\n            <a\r\n                href=\"https:\/\/alphafour.dz\/picoplastique.dz\/product\/compose-styrenique\/\"\r\n                target=\"_self\"\r\n                rel= \"\"\r\n                aria-label=\"Compos\u00e9 styr\u00e9nique\">\r\n                Compos\u00e9 styr\u00e9nique            <\/a>\r\n        <\/h5>\r\n    <\/div>\r\n    <\/div>\t\t<\/div>\n\t\t\t\t<\/div>\n\t\t\t\t<\/div>\n\t\t<div class=\"elementor-element elementor-element-a5e662f e-con-full e-flex e-con e-child\" data-id=\"a5e662f\" data-element_type=\"container\">\n\t\t\t\t<div class=\"elementor-element elementor-element-13a9353 elementor-widget elementor-widget-tx_info_box elh-el tx_info_box\" data-id=\"13a9353\" data-element_type=\"widget\" data-settings=\"{&quot;design_style&quot;:&quot;style_4&quot;}\" data-widget_type=\"tx_info_box.default\">\n\t\t\t\t<div class=\"elementor-widget-container\">\n\t\t\t<div class=\"fti-feature-5-item wow fadeIn\"\r\ndata-wow-delay=\"200\"\r\ndata-wow-duration=\"1000\">\r\n        <div class=\"main-img img-cover\">\r\n        <img decoding=\"async\" src=\"https:\/\/alphafour.dz\/picoplastique.dz\/wp-content\/uploads\/2024\/12\/Elastomeres-thermoplastiques.jpg\"\r\n        alt=\"\u00c9lastom\u00e8res thermoplastiques\" \/>\r\n    <\/div>\r\n            <div class=\"title-wrap\">\r\n        <h5 class=\"fti-heading-3 title\">\r\n            <a\r\n                href=\"https:\/\/alphafour.dz\/picoplastique.dz\/product\/elastomeres-thermoplastiques-tpe\/\"\r\n                target=\"_self\"\r\n                rel= \"\"\r\n                aria-label=\"\u00c9lastom\u00e8res thermoplastiques\">\r\n                \u00c9lastom\u00e8res thermoplastiques            <\/a>\r\n        <\/h5>\r\n    <\/div>\r\n    <\/div>\t\t<\/div>\n\t\t\t\t<\/div>\n\t\t\t\t<\/div>\n\t\t\t\t\t<\/div>\n\t\t\t\t<\/div>\n\t\t<div class=\"elementor-element elementor-element-b247ad2 e-flex e-con-boxed e-con e-parent\" data-id=\"b247ad2\" data-element_type=\"container\">\n\t\t\t\t\t<div class=\"e-con-inner\">\n\t\t<div class=\"elementor-element elementor-element-a81be6f e-con-full e-flex e-con e-child\" data-id=\"a81be6f\" data-element_type=\"container\">\n\t\t\t\t<div class=\"elementor-element elementor-element-50e923a elementor-widget elementor-widget-tx_info_box elh-el tx_info_box\" data-id=\"50e923a\" data-element_type=\"widget\" data-settings=\"{&quot;design_style&quot;:&quot;style_4&quot;}\" data-widget_type=\"tx_info_box.default\">\n\t\t\t\t<div class=\"elementor-widget-container\">\n\t\t\t<div class=\"fti-feature-5-item wow fadeIn\"\r\ndata-wow-delay=\"200\"\r\ndata-wow-duration=\"1000\">\r\n        <div class=\"main-img img-cover\">\r\n        <img decoding=\"async\" src=\"https:\/\/alphafour.dz\/picoplastique.dz\/wp-content\/uploads\/2024\/12\/Compose-technique.jpg\"\r\n        alt=\"Compos\u00e9 technique\" \/>\r\n    <\/div>\r\n            <div class=\"title-wrap\">\r\n        <h5 class=\"fti-heading-3 title\">\r\n            <a\r\n                href=\"https:\/\/alphafour.dz\/picoplastique.dz\/product\/compose-technique\/\"\r\n                target=\"_self\"\r\n                rel= \"\"\r\n                aria-label=\"Compos\u00e9 technique\">\r\n                Compos\u00e9 technique            <\/a>\r\n        <\/h5>\r\n    <\/div>\r\n    <\/div>\t\t<\/div>\n\t\t\t\t<\/div>\n\t\t\t\t<\/div>\n\t\t<div class=\"elementor-element elementor-element-295b8fd e-con-full e-flex e-con e-child\" data-id=\"295b8fd\" data-element_type=\"container\">\n\t\t\t\t<div class=\"elementor-element elementor-element-84a7e7c elementor-widget elementor-widget-tx_info_box elh-el tx_info_box\" data-id=\"84a7e7c\" data-element_type=\"widget\" data-settings=\"{&quot;design_style&quot;:&quot;style_4&quot;}\" data-widget_type=\"tx_info_box.default\">\n\t\t\t\t<div class=\"elementor-widget-container\">\n\t\t\t<div class=\"fti-feature-5-item wow fadeIn\"\r\ndata-wow-delay=\"200\"\r\ndata-wow-duration=\"1000\">\r\n        <div class=\"main-img img-cover\">\r\n        <img decoding=\"async\" src=\"https:\/\/alphafour.dz\/picoplastique.dz\/wp-content\/uploads\/2024\/12\/Masterbatch-de-couleur.jpg\"\r\n        alt=\"Masterbatch de couleur\" \/>\r\n    <\/div>\r\n            <div class=\"title-wrap\">\r\n        <h5 class=\"fti-heading-3 title\">\r\n            <a\r\n                href=\"https:\/\/alphafour.dz\/picoplastique.dz\/product\/masterbatch-de-couleur\/\"\r\n                target=\"_self\"\r\n                rel= \"\"\r\n                aria-label=\"Masterbatch de couleur\">\r\n                Masterbatch de couleur            <\/a>\r\n        <\/h5>\r\n    <\/div>\r\n    <\/div>\t\t<\/div>\n\t\t\t\t<\/div>\n\t\t\t\t<\/div>\n\t\t<div class=\"elementor-element elementor-element-83d440d e-con-full e-flex e-con e-child\" data-id=\"83d440d\" data-element_type=\"container\">\n\t\t\t\t<div class=\"elementor-element elementor-element-2555eb9 elementor-widget elementor-widget-tx_info_box elh-el tx_info_box\" data-id=\"2555eb9\" data-element_type=\"widget\" data-settings=\"{&quot;design_style&quot;:&quot;style_4&quot;}\" data-widget_type=\"tx_info_box.default\">\n\t\t\t\t<div class=\"elementor-widget-container\">\n\t\t\t<div class=\"fti-feature-5-item wow fadeIn\"\r\ndata-wow-delay=\"200\"\r\ndata-wow-duration=\"1000\">\r\n        <div class=\"main-img img-cover\">\r\n        <img decoding=\"async\" src=\"https:\/\/alphafour.dz\/picoplastique.dz\/wp-content\/uploads\/2024\/12\/Masterbatch-dadditifs.jpg\"\r\n        alt=\"Masterbatch d\u2019additifs\" \/>\r\n    <\/div>\r\n            <div class=\"title-wrap\">\r\n        <h5 class=\"fti-heading-3 title\">\r\n            <a\r\n                href=\"https:\/\/alphafour.dz\/picoplastique.dz\/product\/masterbatch-dadditifs\/\"\r\n                target=\"_self\"\r\n                rel= \"\"\r\n                aria-label=\"Masterbatch d\u2019additifs\">\r\n                Masterbatch d\u2019additifs            <\/a>\r\n        <\/h5>\r\n    <\/div>\r\n    <\/div>\t\t<\/div>\n\t\t\t\t<\/div>\n\t\t\t\t<\/div>\n\t\t\t\t\t<\/div>\n\t\t\t\t<\/div>\n\t\t<div class=\"elementor-element elementor-element-01c5b46 e-flex e-con-boxed e-con e-parent\" data-id=\"01c5b46\" data-element_type=\"container\">\n\t\t\t\t\t<div class=\"e-con-inner\">\n\t\t<div class=\"elementor-element elementor-element-30b95ed e-con-full e-flex e-con e-child\" data-id=\"30b95ed\" data-element_type=\"container\">\n\t\t\t\t<\/div>\n\t\t<div class=\"elementor-element elementor-element-133ed43 e-con-full e-flex e-con e-child\" data-id=\"133ed43\" data-element_type=\"container\">\n\t\t\t\t<div class=\"elementor-element elementor-element-6c57620 elementor-widget elementor-widget-tx_info_box elh-el tx_info_box\" data-id=\"6c57620\" data-element_type=\"widget\" data-settings=\"{&quot;design_style&quot;:&quot;style_4&quot;}\" data-widget_type=\"tx_info_box.default\">\n\t\t\t\t<div class=\"elementor-widget-container\">\n\t\t\t<div class=\"fti-feature-5-item wow fadeIn\"\r\ndata-wow-delay=\"200\"\r\ndata-wow-duration=\"1000\">\r\n        <div class=\"main-img img-cover\">\r\n        <img decoding=\"async\" src=\"https:\/\/alphafour.dz\/picoplastique.dz\/wp-content\/uploads\/2024\/12\/Composes-pour-cables.jpg\"\r\n        alt=\"Compos\u00e9s pour c\u00e2bles\" \/>\r\n    <\/div>\r\n            <div class=\"title-wrap\">\r\n        <h5 class=\"fti-heading-3 title\">\r\n            <a\r\n                href=\"https:\/\/alphafour.dz\/picoplastique.dz\/product\/composes-pour-cables\/\"\r\n                target=\"_self\"\r\n                rel= \"\"\r\n                aria-label=\"Compos\u00e9s pour c\u00e2bles\">\r\n                Compos\u00e9s pour c\u00e2bles            <\/a>\r\n        <\/h5>\r\n    <\/div>\r\n    <\/div>\t\t<\/div>\n\t\t\t\t<\/div>\n\t\t\t\t<\/div>\n\t\t<div class=\"elementor-element elementor-element-7ab2a43 e-con-full e-flex e-con e-child\" data-id=\"7ab2a43\" data-element_type=\"container\">\n\t\t\t\t<\/div>\n\t\t\t\t\t<\/div>\n\t\t\t\t<\/div>\n\t\t\t\t<\/div>\n\t\t","protected":false},"excerpt":{"rendered":"<p>Compos\u00e9 de PE (Poly\u00e9thyl\u00e8ne) Compos\u00e9 styr\u00e9nique \u00c9lastom\u00e8res thermoplastiques Compos\u00e9 technique Masterbatch de couleur Masterbatch d\u2019additifs Compos\u00e9s pour c\u00e2bles<\/p>\n","protected":false},"author":1,"featured_media":0,"parent":0,"menu_order":0,"comment_status":"closed","ping_status":"closed","template":"","meta":{"inline_featured_image":false,"footnotes":""},"class_list":["post-5049","page","type-page","status-publish","hentry"],"aioseo_notices":[],"_links":{"self":[{"href":"https:\/\/alphafour.dz\/picoplastique.dz\/wp-json\/wp\/v2\/pages\/5049","targetHints":{"allow":["GET"]}}],"collection":[{"href":"https:\/\/alphafour.dz\/picoplastique.dz\/wp-json\/wp\/v2\/pages"}],"about":[{"href":"https:\/\/alphafour.dz\/picoplastique.dz\/wp-json\/wp\/v2\/types\/page"}],"author":[{"embeddable":true,"href":"https:\/\/alphafour.dz\/picoplastique.dz\/wp-json\/wp\/v2\/users\/1"}],"replies":[{"embeddable":true,"href":"https:\/\/alphafour.dz\/picoplastique.dz\/wp-json\/wp\/v2\/comments?post=5049"}],"version-history":[{"count":28,"href":"https:\/\/alphafour.dz\/picoplastique.dz\/wp-json\/wp\/v2\/pages\/5049\/revisions"}],"predecessor-version":[{"id":5085,"href":"https:\/\/alphafour.dz\/picoplastique.dz\/wp-json\/wp\/v2\/pages\/5049\/revisions\/5085"}],"wp:attachment":[{"href":"https:\/\/alphafour.dz\/picoplastique.dz\/wp-json\/wp\/v2\/media?parent=5049"}],"curies":[{"name":"wp","href":"https:\/\/api.w.org\/{rel}","templated":true}]}}