{"id":5076,"date":"2024-12-18T18:59:44","date_gmt":"2024-12-18T17:59:44","guid":{"rendered":"https:\/\/alphafour.dz\/picoplastique.dz\/?post_type=product&#038;p=5076"},"modified":"2024-12-18T19:02:53","modified_gmt":"2024-12-18T18:02:53","slug":"composes-pour-cables","status":"publish","type":"product","link":"https:\/\/alphafour.dz\/picoplastique.dz\/product\/composes-pour-cables\/","title":{"rendered":"Compos\u00e9s pour c\u00e2bles"},"content":{"rendered":"","protected":false},"excerpt":{"rendered":"<p>Les compos\u00e9s pour c\u00e2bles sont sp\u00e9cialement con\u00e7us pour le gainage et l\u2019isolation des c\u00e2bles \u00e9lectriques. Ils offrent une r\u00e9sistance optimale \u00e0 la chaleur, aux produits chimiques et \u00e0 l\u2019abrasion, garantissant ainsi une fiabilit\u00e9 \u00e0 long terme pour les installations \u00e9lectriques.<\/p>\n","protected":false},"featured_media":5030,"template":"","meta":{"inline_featured_image":false},"product_cat":[15],"product_tag":[],"class_list":{"0":"post-5076","1":"product","2":"type-product","3":"status-publish","4":"has-post-thumbnail","6":"product_cat-uncategorized","8":"first","9":"instock","10":"shipping-taxable","11":"product-type-simple"},"aioseo_notices":[],"_links":{"self":[{"href":"https:\/\/alphafour.dz\/picoplastique.dz\/wp-json\/wp\/v2\/product\/5076","targetHints":{"allow":["GET"]}}],"collection":[{"href":"https:\/\/alphafour.dz\/picoplastique.dz\/wp-json\/wp\/v2\/product"}],"about":[{"href":"https:\/\/alphafour.dz\/picoplastique.dz\/wp-json\/wp\/v2\/types\/product"}],"wp:featuredmedia":[{"embeddable":true,"href":"https:\/\/alphafour.dz\/picoplastique.dz\/wp-json\/wp\/v2\/media\/5030"}],"wp:attachment":[{"href":"https:\/\/alphafour.dz\/picoplastique.dz\/wp-json\/wp\/v2\/media?parent=5076"}],"wp:term":[{"taxonomy":"product_cat","embeddable":true,"href":"https:\/\/alphafour.dz\/picoplastique.dz\/wp-json\/wp\/v2\/product_cat?post=5076"},{"taxonomy":"product_tag","embeddable":true,"href":"https:\/\/alphafour.dz\/picoplastique.dz\/wp-json\/wp\/v2\/product_tag?post=5076"}],"curies":[{"name":"wp","href":"https:\/\/api.w.org\/{rel}","templated":true}]}}