{"id":5077,"date":"2024-12-18T18:59:44","date_gmt":"2024-12-18T17:59:44","guid":{"rendered":"https:\/\/alphafour.dz\/picoplastique.dz\/?post_type=product&#038;p=5077"},"modified":"2024-12-18T19:03:21","modified_gmt":"2024-12-18T18:03:21","slug":"masterbatch-dadditifs","status":"publish","type":"product","link":"https:\/\/alphafour.dz\/picoplastique.dz\/product\/masterbatch-dadditifs\/","title":{"rendered":"Masterbatch d\u2019additifs"},"content":{"rendered":"","protected":false},"excerpt":{"rendered":"<p>Le masterbatch d\u2019additifs am\u00e9liore les propri\u00e9t\u00e9s des plastiques en leur conf\u00e9rant des caract\u00e9ristiques sp\u00e9cifiques, comme une meilleure r\u00e9sistance aux UV, une plus grande durabilit\u00e9 ou des propri\u00e9t\u00e9s antistatiques. C\u2019est une solution cl\u00e9 pour optimiser les performances des produits plastiques.<\/p>\n<p>\u00a0<\/p>\n","protected":false},"featured_media":5031,"template":"","meta":{"inline_featured_image":false},"product_cat":[15],"product_tag":[],"class_list":{"0":"post-5077","1":"product","2":"type-product","3":"status-publish","4":"has-post-thumbnail","6":"product_cat-uncategorized","8":"first","9":"instock","10":"shipping-taxable","11":"product-type-simple"},"aioseo_notices":[],"_links":{"self":[{"href":"https:\/\/alphafour.dz\/picoplastique.dz\/wp-json\/wp\/v2\/product\/5077","targetHints":{"allow":["GET"]}}],"collection":[{"href":"https:\/\/alphafour.dz\/picoplastique.dz\/wp-json\/wp\/v2\/product"}],"about":[{"href":"https:\/\/alphafour.dz\/picoplastique.dz\/wp-json\/wp\/v2\/types\/product"}],"wp:featuredmedia":[{"embeddable":true,"href":"https:\/\/alphafour.dz\/picoplastique.dz\/wp-json\/wp\/v2\/media\/5031"}],"wp:attachment":[{"href":"https:\/\/alphafour.dz\/picoplastique.dz\/wp-json\/wp\/v2\/media?parent=5077"}],"wp:term":[{"taxonomy":"product_cat","embeddable":true,"href":"https:\/\/alphafour.dz\/picoplastique.dz\/wp-json\/wp\/v2\/product_cat?post=5077"},{"taxonomy":"product_tag","embeddable":true,"href":"https:\/\/alphafour.dz\/picoplastique.dz\/wp-json\/wp\/v2\/product_tag?post=5077"}],"curies":[{"name":"wp","href":"https:\/\/api.w.org\/{rel}","templated":true}]}}