{"id":5079,"date":"2024-12-18T18:59:44","date_gmt":"2024-12-18T17:59:44","guid":{"rendered":"https:\/\/alphafour.dz\/picoplastique.dz\/?post_type=product&#038;p=5079"},"modified":"2024-12-18T19:03:36","modified_gmt":"2024-12-18T18:03:36","slug":"compose-technique","status":"publish","type":"product","link":"https:\/\/alphafour.dz\/picoplastique.dz\/product\/compose-technique\/","title":{"rendered":"Compos\u00e9 technique"},"content":{"rendered":"","protected":false},"excerpt":{"rendered":"<p>Les compos\u00e9s techniques sont d\u00e9velopp\u00e9s pour r\u00e9pondre \u00e0 des besoins sp\u00e9cifiques en termes de performances m\u00e9caniques, thermiques et chimiques. Ils sont utilis\u00e9s dans des secteurs exigeants tels que l\u2019automobile, l\u2019\u00e9lectronique et la construction.<\/p>\n","protected":false},"featured_media":5033,"template":"","meta":{"inline_featured_image":false},"product_cat":[15],"product_tag":[],"class_list":{"0":"post-5079","1":"product","2":"type-product","3":"status-publish","4":"has-post-thumbnail","6":"product_cat-uncategorized","8":"first","9":"instock","10":"shipping-taxable","11":"product-type-simple"},"aioseo_notices":[],"_links":{"self":[{"href":"https:\/\/alphafour.dz\/picoplastique.dz\/wp-json\/wp\/v2\/product\/5079","targetHints":{"allow":["GET"]}}],"collection":[{"href":"https:\/\/alphafour.dz\/picoplastique.dz\/wp-json\/wp\/v2\/product"}],"about":[{"href":"https:\/\/alphafour.dz\/picoplastique.dz\/wp-json\/wp\/v2\/types\/product"}],"wp:featuredmedia":[{"embeddable":true,"href":"https:\/\/alphafour.dz\/picoplastique.dz\/wp-json\/wp\/v2\/media\/5033"}],"wp:attachment":[{"href":"https:\/\/alphafour.dz\/picoplastique.dz\/wp-json\/wp\/v2\/media?parent=5079"}],"wp:term":[{"taxonomy":"product_cat","embeddable":true,"href":"https:\/\/alphafour.dz\/picoplastique.dz\/wp-json\/wp\/v2\/product_cat?post=5079"},{"taxonomy":"product_tag","embeddable":true,"href":"https:\/\/alphafour.dz\/picoplastique.dz\/wp-json\/wp\/v2\/product_tag?post=5079"}],"curies":[{"name":"wp","href":"https:\/\/api.w.org\/{rel}","templated":true}]}}