{"id":5080,"date":"2024-12-18T18:59:44","date_gmt":"2024-12-18T17:59:44","guid":{"rendered":"https:\/\/alphafour.dz\/picoplastique.dz\/?post_type=product&#038;p=5080"},"modified":"2024-12-18T19:02:47","modified_gmt":"2024-12-18T18:02:47","slug":"elastomeres-thermoplastiques-tpe","status":"publish","type":"product","link":"https:\/\/alphafour.dz\/picoplastique.dz\/product\/elastomeres-thermoplastiques-tpe\/","title":{"rendered":"\u00c9lastom\u00e8res thermoplastiques (TPE)"},"content":{"rendered":"","protected":false},"excerpt":{"rendered":"<p>Les TPE combinent la souplesse du caoutchouc et la facilit\u00e9 de traitement des plastiques. Ils sont parfaits pour les applications n\u00e9cessitant flexibilit\u00e9, comme les joints, les poign\u00e9es, et les composants m\u00e9dicaux ou sportifs.<\/p>\n","protected":false},"featured_media":5034,"template":"","meta":{"inline_featured_image":false},"product_cat":[15],"product_tag":[],"class_list":{"0":"post-5080","1":"product","2":"type-product","3":"status-publish","4":"has-post-thumbnail","6":"product_cat-uncategorized","8":"first","9":"instock","10":"shipping-taxable","11":"product-type-simple"},"aioseo_notices":[],"_links":{"self":[{"href":"https:\/\/alphafour.dz\/picoplastique.dz\/wp-json\/wp\/v2\/product\/5080","targetHints":{"allow":["GET"]}}],"collection":[{"href":"https:\/\/alphafour.dz\/picoplastique.dz\/wp-json\/wp\/v2\/product"}],"about":[{"href":"https:\/\/alphafour.dz\/picoplastique.dz\/wp-json\/wp\/v2\/types\/product"}],"wp:featuredmedia":[{"embeddable":true,"href":"https:\/\/alphafour.dz\/picoplastique.dz\/wp-json\/wp\/v2\/media\/5034"}],"wp:attachment":[{"href":"https:\/\/alphafour.dz\/picoplastique.dz\/wp-json\/wp\/v2\/media?parent=5080"}],"wp:term":[{"taxonomy":"product_cat","embeddable":true,"href":"https:\/\/alphafour.dz\/picoplastique.dz\/wp-json\/wp\/v2\/product_cat?post=5080"},{"taxonomy":"product_tag","embeddable":true,"href":"https:\/\/alphafour.dz\/picoplastique.dz\/wp-json\/wp\/v2\/product_tag?post=5080"}],"curies":[{"name":"wp","href":"https:\/\/api.w.org\/{rel}","templated":true}]}}