{"id":5081,"date":"2024-12-18T18:59:45","date_gmt":"2024-12-18T17:59:45","guid":{"rendered":"https:\/\/alphafour.dz\/picoplastique.dz\/?post_type=product&#038;p=5081"},"modified":"2024-12-18T19:03:39","modified_gmt":"2024-12-18T18:03:39","slug":"compose-styrenique","status":"publish","type":"product","link":"https:\/\/alphafour.dz\/picoplastique.dz\/product\/compose-styrenique\/","title":{"rendered":"Compos\u00e9 styr\u00e9nique"},"content":{"rendered":"","protected":false},"excerpt":{"rendered":"<p>Les compos\u00e9s styr\u00e9niques sont id\u00e9aux pour des applications n\u00e9cessitant rigidit\u00e9 et l\u00e9g\u00e8ret\u00e9. Ils sont couramment utilis\u00e9s dans l\u2019industrie automobile, les appareils \u00e9lectroniques et les \u00e9quipements de maison gr\u00e2ce \u00e0 leurs propri\u00e9t\u00e9s m\u00e9caniques et leur r\u00e9sistance aux chocs.<\/p>\n","protected":false},"featured_media":5035,"template":"","meta":{"inline_featured_image":false},"product_cat":[15],"product_tag":[],"class_list":{"0":"post-5081","1":"product","2":"type-product","3":"status-publish","4":"has-post-thumbnail","6":"product_cat-uncategorized","8":"first","9":"instock","10":"shipping-taxable","11":"product-type-simple"},"aioseo_notices":[],"_links":{"self":[{"href":"https:\/\/alphafour.dz\/picoplastique.dz\/wp-json\/wp\/v2\/product\/5081","targetHints":{"allow":["GET"]}}],"collection":[{"href":"https:\/\/alphafour.dz\/picoplastique.dz\/wp-json\/wp\/v2\/product"}],"about":[{"href":"https:\/\/alphafour.dz\/picoplastique.dz\/wp-json\/wp\/v2\/types\/product"}],"wp:featuredmedia":[{"embeddable":true,"href":"https:\/\/alphafour.dz\/picoplastique.dz\/wp-json\/wp\/v2\/media\/5035"}],"wp:attachment":[{"href":"https:\/\/alphafour.dz\/picoplastique.dz\/wp-json\/wp\/v2\/media?parent=5081"}],"wp:term":[{"taxonomy":"product_cat","embeddable":true,"href":"https:\/\/alphafour.dz\/picoplastique.dz\/wp-json\/wp\/v2\/product_cat?post=5081"},{"taxonomy":"product_tag","embeddable":true,"href":"https:\/\/alphafour.dz\/picoplastique.dz\/wp-json\/wp\/v2\/product_tag?post=5081"}],"curies":[{"name":"wp","href":"https:\/\/api.w.org\/{rel}","templated":true}]}}