{"id":5082,"date":"2024-12-18T18:59:45","date_gmt":"2024-12-18T17:59:45","guid":{"rendered":"https:\/\/alphafour.dz\/picoplastique.dz\/?post_type=product&#038;p=5082"},"modified":"2024-12-18T19:03:41","modified_gmt":"2024-12-18T18:03:41","slug":"compose-de-pe-polyethylene","status":"publish","type":"product","link":"https:\/\/alphafour.dz\/picoplastique.dz\/product\/compose-de-pe-polyethylene\/","title":{"rendered":"Compos\u00e9 de PE (Poly\u00e9thyl\u00e8ne)"},"content":{"rendered":"","protected":false},"excerpt":{"rendered":"<p>Les compos\u00e9s de poly\u00e9thyl\u00e8ne (PE) offrent une excellente r\u00e9sistance chimique, une durabilit\u00e9 exceptionnelle et une grande flexibilit\u00e9. Ils sont largement utilis\u00e9s dans la fabrication de films, de tuyaux et de c\u00e2bles, adapt\u00e9s \u00e0 des applications vari\u00e9es dans les secteurs industriels et domestiques.<\/p>\n","protected":false},"featured_media":5029,"template":"","meta":{"inline_featured_image":false},"product_cat":[15],"product_tag":[],"class_list":{"0":"post-5082","1":"product","2":"type-product","3":"status-publish","4":"has-post-thumbnail","6":"product_cat-uncategorized","8":"first","9":"instock","10":"shipping-taxable","11":"product-type-simple"},"aioseo_notices":[],"_links":{"self":[{"href":"https:\/\/alphafour.dz\/picoplastique.dz\/wp-json\/wp\/v2\/product\/5082","targetHints":{"allow":["GET"]}}],"collection":[{"href":"https:\/\/alphafour.dz\/picoplastique.dz\/wp-json\/wp\/v2\/product"}],"about":[{"href":"https:\/\/alphafour.dz\/picoplastique.dz\/wp-json\/wp\/v2\/types\/product"}],"wp:featuredmedia":[{"embeddable":true,"href":"https:\/\/alphafour.dz\/picoplastique.dz\/wp-json\/wp\/v2\/media\/5029"}],"wp:attachment":[{"href":"https:\/\/alphafour.dz\/picoplastique.dz\/wp-json\/wp\/v2\/media?parent=5082"}],"wp:term":[{"taxonomy":"product_cat","embeddable":true,"href":"https:\/\/alphafour.dz\/picoplastique.dz\/wp-json\/wp\/v2\/product_cat?post=5082"},{"taxonomy":"product_tag","embeddable":true,"href":"https:\/\/alphafour.dz\/picoplastique.dz\/wp-json\/wp\/v2\/product_tag?post=5082"}],"curies":[{"name":"wp","href":"https:\/\/api.w.org\/{rel}","templated":true}]}}